{"id":26,"date":"2016-01-19T05:33:03","date_gmt":"2016-01-19T04:33:03","guid":{"rendered":"http:\/\/pousadasduportugal.com\/?page_id=26"},"modified":"2024-07-10T16:23:58","modified_gmt":"2024-07-10T15:23:58","slug":"contact","status":"publish","type":"page","link":"https:\/\/www.pousadasduportugal.com\/","title":{"rendered":"Bienvenue au restaurant POUSADAS DU PORTUGAL."},"content":{"rendered":"<div id=\"pl-26\"><div class=\"panel-grid\" id=\"pg-26-0\" ><div class=\"panel-grid-cell\" id=\"pgc-26-0-0\" ><div class=\"so-panel widget widget_text panel-first-child panel-last-child\" id=\"panel-26-0-0-0\">\t\t\t<div class=\"textwidget\"><p>Chez DA CUNHA vous trouverez un petit coin du Portugal en Auvergne. Vous pourrez d\u00e9guster une cuisine typiquement Portugaise dans un cadre agr\u00e9able et sympathique.<\/p>\n<p>D\u00e9jeuner de travail ou entre amis, vous pourrez choisir notre menu ou pr\u00e9f\u00e9rer un plat typique de notre carte et avoir ainsi le Portugal dans votre assiette.<\/p>\n<p>Notre chef peut \u00e9galement vous pr\u00e9parer des plats \u00e0 emporter.<\/p>\n<p>Notre restaurant se situe au 4, all\u00e9e du Montel. ZAC La Novialle 63670 LA ROCHE BLANCHE.<\/p>\n<p>Le restaurant est ouvert \u00e0 midi du lundi au samedi et le soir et le dimanche midi sur r\u00e9servation 10 jours \u00e0 l'avance.<\/p>\n<p>Nous pouvons sur r\u00e9servation pour un repas de groupe (minimum 10 personnes) ouvrir le soir en semaine.<\/p>\n<p>Pour toutes informations suppl\u00e9mentaires vous pouvez nous joindre au 04.73.79.17.87 ou au 06.09.43.26.04<\/p>\n<p>A bient\u00f4t..<\/p>\n<\/div>\n\t\t<\/div><\/div><\/div><div class=\"panel-grid\" id=\"pg-26-1\" ><div class=\"panel-grid-cell\" id=\"pgc-26-1-0\" ><div class=\"so-panel widget widget_sow-image panel-first-child panel-last-child\" id=\"panel-26-1-0-0\"><div class=\"so-widget-sow-image so-widget-sow-image-base\">\n\t<img src=\"https:\/\/www.pousadasduportugal.com\/wp-content\/uploads\/2016\/01\/intresto3.jpg\" width=\"800\" height=\"600\"  class=\"so-widget-image\" style=\"max-width:100%; height:auto; display:block\" \/>\n<\/div><\/div><\/div><div class=\"panel-grid-cell\" id=\"pgc-26-1-1\" ><div class=\"so-panel widget widget_sow-image panel-first-child panel-last-child\" id=\"panel-26-1-1-0\"><div class=\"so-widget-sow-image so-widget-sow-image-base\">\n\t<img src=\"https:\/\/www.pousadasduportugal.com\/wp-content\/uploads\/2016\/01\/intresto1.jpg\" width=\"600\" height=\"800\"  class=\"so-widget-image\" style=\"max-width:100%; height:auto; display:block\" \/>\n<\/div><\/div><\/div><\/div><\/div>","protected":false},"excerpt":{"rendered":"<p>Chez DA CUNHA vous trouverez un petit coin du Portugal en Auvergne. Vous pourrez d\u00e9guster une cuisine typiquement Portugaise dans un cadre agr\u00e9able et sympathique. D\u00e9jeuner de travail ou entre amis, vous pourrez choisir notre menu ou pr\u00e9f\u00e9rer un plat typique de notre carte et avoir ainsi le Portugal dans &#8230;<\/p>\n","protected":false},"author":1,"featured_media":0,"parent":0,"menu_order":0,"comment_status":"closed","ping_status":"closed","template":"","meta":[],"_links":{"self":[{"href":"https:\/\/www.pousadasduportugal.com\/index.php\/wp-json\/wp\/v2\/pages\/26"}],"collection":[{"href":"https:\/\/www.pousadasduportugal.com\/index.php\/wp-json\/wp\/v2\/pages"}],"about":[{"href":"https:\/\/www.pousadasduportugal.com\/index.php\/wp-json\/wp\/v2\/types\/page"}],"author":[{"embeddable":true,"href":"https:\/\/www.pousadasduportugal.com\/index.php\/wp-json\/wp\/v2\/users\/1"}],"replies":[{"embeddable":true,"href":"https:\/\/www.pousadasduportugal.com\/index.php\/wp-json\/wp\/v2\/comments?post=26"}],"version-history":[{"count":18,"href":"https:\/\/www.pousadasduportugal.com\/index.php\/wp-json\/wp\/v2\/pages\/26\/revisions"}],"predecessor-version":[{"id":53,"href":"https:\/\/www.pousadasduportugal.com\/index.php\/wp-json\/wp\/v2\/pages\/26\/revisions\/53"}],"wp:attachment":[{"href":"https:\/\/www.pousadasduportugal.com\/index.php\/wp-json\/wp\/v2\/media?parent=26"}],"curies":[{"name":"wp","href":"https:\/\/api.w.org\/{rel}","templated":true}]}}