{"id":46,"date":"2016-01-19T05:42:45","date_gmt":"2016-01-19T04:42:45","guid":{"rendered":"http:\/\/pousadasduportugal.com\/?page_id=46"},"modified":"2020-12-14T16:20:29","modified_gmt":"2020-12-14T15:20:29","slug":"vente-a-emporter","status":"publish","type":"page","link":"https:\/\/www.pousadasduportugal.com\/index.php\/vente-a-emporter\/","title":{"rendered":"VENTE A EMPORTER"},"content":{"rendered":"<div id=\"pl-46\"><div class=\"panel-grid\" id=\"pg-46-0\" ><div class=\"panel-grid-cell\" id=\"pgc-46-0-0\" ><div class=\"so-panel widget widget_text panel-first-child panel-last-child\" id=\"panel-46-0-0-0\">\t\t\t<div class=\"textwidget\">La cuisine portugaise chez vous ? C'est possible gr\u00e2ce au service  de plats \u00e0 emporter du restaurant POUSAS DU PORTUGAL. \nDA CUNHA  est sp\u00e9cialis\u00e9 dans la cuisine portugaise et pr\u00e9pare des plats typiquement portugais. Le Portugal dans votre assiette ! \nNous faisons tout pour vous satisfaire et pour vous faire plaisir : des mises en bouches, sp\u00e9cialit\u00e9s, plats \u00e9pic\u00e9s, etc.\n\nNous sommes \u00e0 votre disposition pour vous accueillir et r\u00e9pondre \u00e0 toutes vos questions au 04.73.79.17.87 ou 06.09.43.26.04<\/div>\n\t\t<\/div><\/div><\/div><div class=\"panel-grid\" id=\"pg-46-1\" ><div class=\"panel-grid-cell\" id=\"pgc-46-1-0\" ><div class=\"so-panel widget widget_sow-image panel-first-child panel-last-child\" id=\"panel-46-1-0-0\"><div class=\"so-widget-sow-image so-widget-sow-image-base\">\n\t<img  class=\"so-widget-image\" style=\"max-width:100%; height:auto; display:block\" \/>\n<\/div><\/div><\/div><\/div><\/div>","protected":false},"excerpt":{"rendered":"<p>La cuisine portugaise chez vous ? C&rsquo;est possible gr\u00e2ce au service de plats \u00e0 emporter du restaurant POUSAS DU PORTUGAL. DA CUNHA est sp\u00e9cialis\u00e9 dans la cuisine portugaise et pr\u00e9pare des plats typiquement portugais. Le Portugal dans votre assiette ! Nous faisons tout pour vous satisfaire et pour vous faire &#8230;<\/p>\n","protected":false},"author":1,"featured_media":0,"parent":0,"menu_order":0,"comment_status":"closed","ping_status":"closed","template":"","meta":[],"_links":{"self":[{"href":"https:\/\/www.pousadasduportugal.com\/index.php\/wp-json\/wp\/v2\/pages\/46"}],"collection":[{"href":"https:\/\/www.pousadasduportugal.com\/index.php\/wp-json\/wp\/v2\/pages"}],"about":[{"href":"https:\/\/www.pousadasduportugal.com\/index.php\/wp-json\/wp\/v2\/types\/page"}],"author":[{"embeddable":true,"href":"https:\/\/www.pousadasduportugal.com\/index.php\/wp-json\/wp\/v2\/users\/1"}],"replies":[{"embeddable":true,"href":"https:\/\/www.pousadasduportugal.com\/index.php\/wp-json\/wp\/v2\/comments?post=46"}],"version-history":[{"count":12,"href":"https:\/\/www.pousadasduportugal.com\/index.php\/wp-json\/wp\/v2\/pages\/46\/revisions"}],"predecessor-version":[{"id":155,"href":"https:\/\/www.pousadasduportugal.com\/index.php\/wp-json\/wp\/v2\/pages\/46\/revisions\/155"}],"wp:attachment":[{"href":"https:\/\/www.pousadasduportugal.com\/index.php\/wp-json\/wp\/v2\/media?parent=46"}],"curies":[{"name":"wp","href":"https:\/\/api.w.org\/{rel}","templated":true}]}}