{"id":90,"date":"2016-01-20T04:05:00","date_gmt":"2016-01-20T03:05:00","guid":{"rendered":"http:\/\/pousadasduportugal.com\/?page_id=90"},"modified":"2020-12-12T15:08:23","modified_gmt":"2020-12-12T14:08:23","slug":"contact-2","status":"publish","type":"page","link":"https:\/\/www.pousadasduportugal.com\/index.php\/contact-2\/","title":{"rendered":"CONTACT"},"content":{"rendered":"<div id=\"pl-90\"><div class=\"panel-grid\" id=\"pg-90-0\" ><div class=\"panel-grid-cell\" id=\"pgc-90-0-0\" ><div class=\"so-panel widget widget_text panel-first-child\" id=\"panel-90-0-0-0\"><div style=\"color: #f7a438;\" class=\"panel-widget-style\" ><h3 class=\"widget-title\">RESTAURANT POUSADAS DU PORTUGAL<\/h3>\t\t\t<div class=\"textwidget\"><\/div>\n\t\t<\/div><\/div><div class=\"so-panel widget widget_text panel-last-child\" id=\"panel-90-0-0-1\"><div style=\"color: #000000;\" class=\"panel-widget-style\" >\t\t\t<div class=\"textwidget\"><p>Notre restaurant POUSADAS DU PORTUGAL est situ\u00e9 au 4, all\u00e9e du Montel. Zac la Novialle. 63670 La Roche Blanche<br \/>\nT\u00e9l\u00e9phone : 04 73 79 17 87 ou 06 09 43 26 04<br \/>\nMail : antonio.dacunha1@orange.fr<\/p>\n<\/div>\n\t\t<\/div><\/div><\/div><\/div><div class=\"panel-grid\" id=\"pg-90-1\" ><div class=\"panel-grid-cell\" id=\"pgc-90-1-0\" ><div class=\"so-panel widget widget_sow-image panel-first-child panel-last-child\" id=\"panel-90-1-0-0\"><div class=\"so-widget-sow-image so-widget-sow-image-base\">\n\t<img src=\"https:\/\/www.pousadasduportugal.com\/wp-content\/uploads\/2016\/01\/cascais-portugal-1083696_1920.jpg\" width=\"1920\" height=\"480\"  class=\"so-widget-image\" style=\"max-width:100%; height:auto; display:block\" \/>\n<\/div><\/div><\/div><\/div><\/div>","protected":false},"excerpt":{"rendered":"<p>RESTAURANT POUSADAS DU PORTUGAL Notre restaurant POUSADAS DU PORTUGAL est situ\u00e9 au 4, all\u00e9e du Montel. Zac la Novialle. 63670 La Roche Blanche T\u00e9l\u00e9phone : 04 73 79 17 87 ou 06 09 43 26 04 Mail : antonio.dacunha1@orange.fr<\/p>\n","protected":false},"author":1,"featured_media":0,"parent":0,"menu_order":0,"comment_status":"closed","ping_status":"closed","template":"","meta":[],"_links":{"self":[{"href":"https:\/\/www.pousadasduportugal.com\/index.php\/wp-json\/wp\/v2\/pages\/90"}],"collection":[{"href":"https:\/\/www.pousadasduportugal.com\/index.php\/wp-json\/wp\/v2\/pages"}],"about":[{"href":"https:\/\/www.pousadasduportugal.com\/index.php\/wp-json\/wp\/v2\/types\/page"}],"author":[{"embeddable":true,"href":"https:\/\/www.pousadasduportugal.com\/index.php\/wp-json\/wp\/v2\/users\/1"}],"replies":[{"embeddable":true,"href":"https:\/\/www.pousadasduportugal.com\/index.php\/wp-json\/wp\/v2\/comments?post=90"}],"version-history":[{"count":6,"href":"https:\/\/www.pousadasduportugal.com\/index.php\/wp-json\/wp\/v2\/pages\/90\/revisions"}],"predecessor-version":[{"id":149,"href":"https:\/\/www.pousadasduportugal.com\/index.php\/wp-json\/wp\/v2\/pages\/90\/revisions\/149"}],"wp:attachment":[{"href":"https:\/\/www.pousadasduportugal.com\/index.php\/wp-json\/wp\/v2\/media?parent=90"}],"curies":[{"name":"wp","href":"https:\/\/api.w.org\/{rel}","templated":true}]}}